{"id":42,"date":"2016-09-25T08:13:48","date_gmt":"2016-09-25T07:13:48","guid":{"rendered":"http:\/\/pncm.fr\/monotype\/?page_id=42"},"modified":"2016-10-27T08:00:40","modified_gmt":"2016-10-27T07:00:40","slug":"construction-n3","status":"publish","type":"page","link":"http:\/\/pncm.fr\/monotype\/photos-2\/construction-n3\/","title":{"rendered":"Construction N\u00b03"},"content":{"rendered":"<p><a href=\"https:\/\/goo.gl\/photos\/Yc66ZWH5VUf5uvXn7\" target=\"_blank\">\u00c9trave<\/a><\/p>\n<p><a href=\"https:\/\/goo.gl\/photos\/4WF8V5G3oKW1nFgQ6\" target=\"_blank\">Charpente<\/a><\/p>\n<p><a href=\"https:\/\/goo.gl\/photos\/R4tH4RLAssyXbBto7\" target=\"_blank\">\u00c9querrage des lisses et brochetage des bord\u00e9s<\/a><\/p>\n<p><a href=\"https:\/\/goo.gl\/photos\/PSrFa3vdqVNFpQ1z8\" target=\"_blank\">D\u00e9coupe et pose des bord\u00e9s<\/a><\/p>\n<p><a href=\"https:\/\/goo.gl\/photos\/4hUBf8xBm37hKJx5A\" target=\"_blank\">Pose de la quille et de l&rsquo;\u00e9trave<\/a><\/p>\n<p>&nbsp;<\/p>\n<p>&nbsp;<\/p>\n","protected":false},"excerpt":{"rendered":"<p>\u00c9trave Charpente \u00c9querrage des lisses et brochetage des bord\u00e9s D\u00e9coupe et pose des bord\u00e9s Pose de la quille et de l&rsquo;\u00e9trave &nbsp; &nbsp;<\/p>\n","protected":false},"author":2,"featured_media":0,"parent":39,"menu_order":0,"comment_status":"closed","ping_status":"closed","template":"","meta":{"footnotes":""},"class_list":["post-42","page","type-page","status-publish","hentry"],"_links":{"self":[{"href":"http:\/\/pncm.fr\/monotype\/wp-json\/wp\/v2\/pages\/42","targetHints":{"allow":["GET"]}}],"collection":[{"href":"http:\/\/pncm.fr\/monotype\/wp-json\/wp\/v2\/pages"}],"about":[{"href":"http:\/\/pncm.fr\/monotype\/wp-json\/wp\/v2\/types\/page"}],"author":[{"embeddable":true,"href":"http:\/\/pncm.fr\/monotype\/wp-json\/wp\/v2\/users\/2"}],"replies":[{"embeddable":true,"href":"http:\/\/pncm.fr\/monotype\/wp-json\/wp\/v2\/comments?post=42"}],"version-history":[{"count":6,"href":"http:\/\/pncm.fr\/monotype\/wp-json\/wp\/v2\/pages\/42\/revisions"}],"predecessor-version":[{"id":90,"href":"http:\/\/pncm.fr\/monotype\/wp-json\/wp\/v2\/pages\/42\/revisions\/90"}],"up":[{"embeddable":true,"href":"http:\/\/pncm.fr\/monotype\/wp-json\/wp\/v2\/pages\/39"}],"wp:attachment":[{"href":"http:\/\/pncm.fr\/monotype\/wp-json\/wp\/v2\/media?parent=42"}],"curies":[{"name":"wp","href":"https:\/\/api.w.org\/{rel}","templated":true}]}}