{"id":13,"date":"2016-09-10T19:40:24","date_gmt":"2016-09-10T18:40:24","guid":{"rendered":"http:\/\/pncm.fr\/monotype\/?page_id=13"},"modified":"2016-09-26T21:10:23","modified_gmt":"2016-09-26T20:10:23","slug":"photos","status":"publish","type":"page","link":"http:\/\/pncm.fr\/monotype\/photos-2\/photos\/","title":{"rendered":"Prototype"},"content":{"rendered":"<div id='gallery-1' class='gallery galleryid-13 gallery-columns-3 gallery-size-thumbnail'><dl class='gallery-item'>\n\t\t\t<dt class='gallery-icon portrait'>\n\t\t\t\t<a href='http:\/\/pncm.fr\/monotype\/2016\/09\/23\/grand-pavois-2016\/dessin_monotype\/'><img loading=\"lazy\" decoding=\"async\" width=\"150\" height=\"150\" src=\"http:\/\/pncm.fr\/monotype\/wp-content\/uploads\/2016\/09\/dessin_monotype-150x150.jpg\" class=\"attachment-thumbnail size-thumbnail\" alt=\"\" \/><\/a>\n\t\t\t<\/dt><\/dl><dl class='gallery-item'>\n\t\t\t<dt class='gallery-icon portrait'>\n\t\t\t\t<a href='http:\/\/pncm.fr\/monotype\/2016\/09\/23\/grand-pavois-2016\/gedsc-digital-camera\/'><img loading=\"lazy\" decoding=\"async\" width=\"150\" height=\"150\" src=\"http:\/\/pncm.fr\/monotype\/wp-content\/uploads\/2016\/09\/dessin-profil-monotype-des-pertuis-JPG-150x150.jpg\" class=\"attachment-thumbnail size-thumbnail\" alt=\"\" \/><\/a>\n\t\t\t<\/dt><\/dl>\n\t\t\t<br style='clear: both' \/>\n\t\t<\/div>\n\n<p><a href=\"https:\/\/www.dropbox.com\/sh\/kp3kgqp5bzo0zvu\/AACOIWK3Z-9zRlZZqAHh16pBa\" target=\"_blank\">D\u00e9but de construction<\/a><\/p>\n<p><a href=\"https:\/\/www.dropbox.com\/sh\/jpz1tui3wqptvim\/AAD1CrLJ6ylJ0FJ6d0cIOaHSa\" target=\"_blank\">Pose des bord\u00e9s et du puits de d\u00e9rive<\/a><\/p>\n<p><a href=\"https:\/\/www.dropbox.com\/sh\/m1y5hjxbuec1qb5\/AADiGFvweblePsHAJfw3R_Msa?dl=0\" target=\"_blank\">Stratification<\/a><\/p>\n<p><a href=\"https:\/\/www.dropbox.com\/sh\/a7mbtajs610yash\/AADI8QuF6nLN8jly30osA2H2a\" target=\"_blank\">R\u00e9alisation des ballasts<\/a><\/p>\n<p><a href=\"https:\/\/www.dropbox.com\/sh\/97q6u2xsp7r19v7\/AAAtlgs_CGNAfdLW8ZR_ERQaa?dl=0\" target=\"_blank\">Pose du pont<\/a><\/p>\n<p><a href=\"https:\/\/www.dropbox.com\/sh\/rzvaecg0616v3ev\/AAAIiDB1HZ-XhqY4uk_ReFqLa?dl=0\" target=\"_blank\">Am\u00e9nagements et Espars<\/a><\/p>\n<p><a href=\"https:\/\/www.dropbox.com\/sh\/bj42kdvvx8lu544\/AAAjaQAxSyVJ3kDCE-mYDtSXa?dl=0\" target=\"_blank\">D\u00e9rive et safran<\/a><\/p>\n<p><a href=\"https:\/\/www.dropbox.com\/sh\/7ik7l4mz4hc4ivg\/AADhI5KjYzQ7i2-A5cV6AaXua\" target=\"_blank\">Sortie de chantier<\/a><\/p>\n<p><a href=\"https:\/\/www.dropbox.com\/sh\/fq6zt28ady4ak60\/AACgKtE-Ag60qLYh0oSR1G9Ma?dl=0\" target=\"_blank\">Mise \u00e0 l&rsquo;eau technique<\/a><\/p>\n<p><a href=\"https:\/\/www.dropbox.com\/sh\/ttzc8guimxdqxt3\/AABnwVLlkAzIRS-3gzA1x_96a?dl=0\" target=\"_blank\">Pr\u00e9sentation au public et premier essai<\/a><\/p>\n<p><a href=\"https:\/\/www.dropbox.com\/sc\/kbx0oed6pi9h218\/AAApeO4ZcnVt8r0Ovba-3bPea\" target=\"_blank\">Sortie Avril 2015<\/a><\/p>\n<div id=\"su_slider_69f275b40a47c\" class=\"su-slider su-slider-centered su-slider-pages-yes su-slider-responsive-yes\" style=\"width:100%\" data-autoplay=\"5600\" data-speed=\"600\" data-mousewheel=\"false\"><div class=\"su-slider-slides\"><div class=\"su-slider-slide\"><a><img decoding=\"async\" src=\"http:\/\/pncm.fr\/monotype\/wp-content\/uploads\/2016\/09\/PC010032-600x520.jpg\" alt=\"\" \/><\/a><\/div><div class=\"su-slider-slide\"><a><img decoding=\"async\" src=\"http:\/\/pncm.fr\/monotype\/wp-content\/uploads\/2016\/09\/PC010006-600x520.jpg\" alt=\"\" \/><\/a><\/div><div class=\"su-slider-slide\"><a><img decoding=\"async\" src=\"http:\/\/pncm.fr\/monotype\/wp-content\/uploads\/2016\/09\/PC010001-600x520.jpg\" alt=\"\" \/><\/a><\/div><div class=\"su-slider-slide\"><a><img decoding=\"async\" src=\"http:\/\/pncm.fr\/monotype\/wp-content\/uploads\/2016\/09\/PC010002-600x520.jpg\" alt=\"\" \/><\/a><\/div><div class=\"su-slider-slide\"><a><img decoding=\"async\" src=\"http:\/\/pncm.fr\/monotype\/wp-content\/uploads\/2016\/09\/PC010033-600x520.jpg\" alt=\"\" \/><\/a><\/div><div class=\"su-slider-slide\"><a><img decoding=\"async\" src=\"http:\/\/pncm.fr\/monotype\/wp-content\/uploads\/2016\/09\/PC010052-600x520.jpg\" alt=\"\" \/><\/a><\/div><div class=\"su-slider-slide\"><a><img decoding=\"async\" src=\"http:\/\/pncm.fr\/monotype\/wp-content\/uploads\/2016\/09\/PC010067-600x520.jpg\" alt=\"\" \/><\/a><\/div><div class=\"su-slider-slide\"><a><img decoding=\"async\" src=\"http:\/\/pncm.fr\/monotype\/wp-content\/uploads\/2016\/09\/PC010015-600x520.jpg\" alt=\"\" \/><\/a><\/div><\/div><div class=\"su-slider-nav\"><div class=\"su-slider-direction\"><span class=\"su-slider-prev\"><\/span><span class=\"su-slider-next\"><\/span><\/div><div class=\"su-slider-pagination\"><\/div><\/div><\/div>\n","protected":false},"excerpt":{"rendered":"<p>D\u00e9but de construction Pose des bord\u00e9s et du puits de d\u00e9rive Stratification R\u00e9alisation des ballasts Pose du pont Am\u00e9nagements et Espars D\u00e9rive et safran Sortie de chantier Mise \u00e0 l&rsquo;eau technique Pr\u00e9sentation au public et premier essai Sortie Avril 2015<\/p>\n","protected":false},"author":2,"featured_media":0,"parent":39,"menu_order":0,"comment_status":"closed","ping_status":"closed","template":"","meta":{"footnotes":""},"class_list":["post-13","page","type-page","status-publish","hentry"],"_links":{"self":[{"href":"http:\/\/pncm.fr\/monotype\/wp-json\/wp\/v2\/pages\/13","targetHints":{"allow":["GET"]}}],"collection":[{"href":"http:\/\/pncm.fr\/monotype\/wp-json\/wp\/v2\/pages"}],"about":[{"href":"http:\/\/pncm.fr\/monotype\/wp-json\/wp\/v2\/types\/page"}],"author":[{"embeddable":true,"href":"http:\/\/pncm.fr\/monotype\/wp-json\/wp\/v2\/users\/2"}],"replies":[{"embeddable":true,"href":"http:\/\/pncm.fr\/monotype\/wp-json\/wp\/v2\/comments?post=13"}],"version-history":[{"count":7,"href":"http:\/\/pncm.fr\/monotype\/wp-json\/wp\/v2\/pages\/13\/revisions"}],"predecessor-version":[{"id":78,"href":"http:\/\/pncm.fr\/monotype\/wp-json\/wp\/v2\/pages\/13\/revisions\/78"}],"up":[{"embeddable":true,"href":"http:\/\/pncm.fr\/monotype\/wp-json\/wp\/v2\/pages\/39"}],"wp:attachment":[{"href":"http:\/\/pncm.fr\/monotype\/wp-json\/wp\/v2\/media?parent=13"}],"curies":[{"name":"wp","href":"https:\/\/api.w.org\/{rel}","templated":true}]}}